  {"id":10675,"date":"2022-06-01T12:05:23","date_gmt":"2022-06-01T11:05:23","guid":{"rendered":"https:\/\/6s.rs\/bis\/?page_id=10675"},"modified":"2022-11-18T11:48:47","modified_gmt":"2022-11-18T10:48:47","slug":"alumni","status":"publish","type":"page","link":"https:\/\/www.british-int-school.org.uk\/sr\/alumni\/","title":{"rendered":"Alumni"},"content":{"rendered":"<p>Svesrdno podsti\u010demo u\u010denike da planiraju svoju budu\u0107nost na konstruktivan i pozitivan na\u010din, zasnivaju\u0107i svoja razmi\u0161ljanja i odluke na dobroj informisanosti, relevantnom iskustvu i razumevanju sopstvenog znanja, sposobnosti i potreba.<\/p>\n<p>\u0160kola pru\u017ea podr\u0161ku u\u010denicima kroz savete i usmerava ih na odgovaraju\u0107u karijeru i izbor univerziteta.<\/p>\n<p>Ohrabrujemo u\u010denike da istra\u017ee mogu\u0107nosti za upis na razne dostupne univerzitete, da sastave spisak univerziteta koji im najvi\u0161e odgovaraju i da pravovremeno podnesu kompletne prijave za upis.<\/p>\n<p>\u2022 Akademija likovnih umetnosti, Beograd, Srbija<br \/>\n\u2022 American University of Rome, Italija<br \/>\n\u2022 Barcelona Marketing School, \u0160panija<br \/>\n\u2022 Berkley univerzitet, SAD<br \/>\n\u2022 Univerzitet Bocconi, Milano, Italija<br \/>\n\u2022 Univerzitet Bridgeport, Konektikat, SAD<br \/>\n\u2022 Univerzitet Chaminade, Havaji, SAD<br \/>\n\u2022 Embry Riddle Aeronauti\u010dko in\u017eenjerstvo, USA<br \/>\n\u2022 Evropska poslovna \u0161kola u Londonu, Velika Britanija<br \/>\n\u2022 Evropski univerzitet u Barseloni, \u0160panija<br \/>\n\u2022 Ekonomski fakultet u Budimpe\u0161ti, Ma\u0111arska<br \/>\n\u2022 Fakultet za me\u0111unarodni biznis u Beogradu, Srbija<br \/>\n\u2022 Filolo\u0161ki fakultet u Beogradu, Srbija<br \/>\n\u2022 Franklin College u Luganu, \u0160vajcarska<br \/>\n\u2022 Univerzitet Hjuron u Londonu,<br \/>\n\u2022 Interkkoled\u017e u Nikoziji, Kipar<br \/>\n\u2022 Londonska poslovna \u0161kola, Velika Britanija<br \/>\n\u2022 Loyolla fakultet, SAD<br \/>\n\u2022 Mekmaster univerzitet u Hamiltonu, Kanada<br \/>\n\u2022 Medicinski fakultet u Be\u010du, Austrija<br \/>\n\u2022 Megatrend univerzitet u Beogradu, Srbija<br \/>\n\u2022 Univerzitet u Njujorku, SAD<br \/>\n\u2022 Fakultet Otava Algonkin, Kanada<br \/>\n\u2022 Univerzitet Oksford, UK<br \/>\n\u2022 Univerzitet Rajs u Hjustonu, SAD<br \/>\n\u2022 Univerzitet Ri\u010dmond u Londonu, Velika Britanija<br \/>\n\u2022 Koled\u017e Sarah Lowrens, SAD<br \/>\n\u2022 Univerzitet Schiller, Hajdelberg, Nema\u010dka<br \/>\n\u2022 \u0160kola me\u0111unarodnih i dr\u017eavnih poslova, Prag, Republika \u010ce\u0161ka<br \/>\n\u2022 Univerzitet Sorbona u Parizu,  Francuska<br \/>\n\u2022 Univerzitet St. Louis u Madridu, \u0160panija<br \/>\n\u2022 Koled\u017e St. Peter, SAD<br \/>\n\u2022 UCLA, SAD<br \/>\n\u2022 Univerzitet u Aberdinu, Velika Britanija<br \/>\n\u2022 Univerzitet u Edinburgu, Velika Britanija<br \/>\n\u2022 Univerzitet u Bostonu, SAD<br \/>\n\u2022 Univerzitet u \u0160efildu, Solun, Gr\u010dka<\/p>\n","protected":false},"excerpt":{"rendered":"<p>Svesrdno podsti\u010demo u\u010denike da planiraju svoju budu\u0107nost na konstruktivan i pozitivan na\u010din, zasnivaju\u0107i svoja razmi\u0161ljanja i odluke na dobroj informisanosti, [&hellip;]<\/p>\n","protected":false},"author":11,"featured_media":10454,"parent":0,"menu_order":0,"comment_status":"closed","ping_status":"closed","template":"","meta":{"footnotes":""},"class_list":["post-10675","page","type-page","status-publish","has-post-thumbnail","hentry"],"yoast_head":"<!-- This site is optimized with the Yoast SEO plugin v27.4 - https:\/\/yoast.com\/product\/yoast-seo-wordpress\/ -->\n<title>Alumni | 糖心原创<\/title>\n<meta name=\"robots\" content=\"index, follow, max-snippet:-1, max-image-preview:large, max-video-preview:-1\" \/>\n<link rel=\"canonical\" href=\"https:\/\/www.british-int-school.org.uk\/sr\/alumni\/\" \/>\n<meta property=\"og:locale\" content=\"sr_RS\" \/>\n<meta property=\"og:type\" content=\"article\" \/>\n<meta property=\"og:title\" content=\"Alumni | 糖心原创\" \/>\n<meta property=\"og:description\" content=\"Svesrdno podsti\u010demo u\u010denike da planiraju svoju budu\u0107nost na konstruktivan i pozitivan na\u010din, zasnivaju\u0107i svoja razmi\u0161ljanja i odluke na dobroj informisanosti, [&hellip;]\" \/>\n<meta property=\"og:url\" content=\"https:\/\/www.british-int-school.org.uk\/sr\/alumni\/\" \/>\n<meta property=\"og:site_name\" content=\"糖心原创\" \/>\n<meta property=\"article:modified_time\" content=\"2022-11-18T10:48:47+00:00\" \/>\n<meta property=\"og:image\" content=\"https:\/\/www.british-int-school.org.uk\/wp-content\/uploads\/2022\/04\/bis-alumni.jpg\" \/>\n\t<meta property=\"og:image:width\" content=\"1920\" \/>\n\t<meta property=\"og:image:height\" content=\"700\" \/>\n\t<meta property=\"og:image:type\" content=\"image\/jpeg\" \/>\n<meta name=\"twitter:card\" content=\"summary_large_image\" \/>\n<meta name=\"twitter:label1\" content=\"Procenjeno vreme \u010ditanja\" \/>\n\t<meta name=\"twitter:data1\" content=\"2 minuta\" \/>\n<script type=\"application\/ld+json\" class=\"yoast-schema-graph\">{\"@context\":\"https:\\\/\\\/schema.org\",\"@graph\":[{\"@type\":\"WebPage\",\"@id\":\"https:\\\/\\\/www.british-int-school.org.uk\\\/sr\\\/alumni\\\/\",\"url\":\"https:\\\/\\\/www.british-int-school.org.uk\\\/sr\\\/alumni\\\/\",\"name\":\"Alumni | 糖心原创\",\"isPartOf\":{\"@id\":\"https:\\\/\\\/www.british-int-school.org.uk\\\/#website\"},\"primaryImageOfPage\":{\"@id\":\"https:\\\/\\\/www.british-int-school.org.uk\\\/sr\\\/alumni\\\/#primaryimage\"},\"image\":{\"@id\":\"https:\\\/\\\/www.british-int-school.org.uk\\\/sr\\\/alumni\\\/#primaryimage\"},\"thumbnailUrl\":\"https:\\\/\\\/www.british-int-school.org.uk\\\/wp-content\\\/uploads\\\/2022\\\/04\\\/bis-alumni.jpg\",\"datePublished\":\"2022-06-01T11:05:23+00:00\",\"dateModified\":\"2022-11-18T10:48:47+00:00\",\"breadcrumb\":{\"@id\":\"https:\\\/\\\/www.british-int-school.org.uk\\\/sr\\\/alumni\\\/#breadcrumb\"},\"inLanguage\":\"sr-RS\",\"potentialAction\":[{\"@type\":\"ReadAction\",\"target\":[\"https:\\\/\\\/www.british-int-school.org.uk\\\/sr\\\/alumni\\\/\"]}]},{\"@type\":\"ImageObject\",\"inLanguage\":\"sr-RS\",\"@id\":\"https:\\\/\\\/www.british-int-school.org.uk\\\/sr\\\/alumni\\\/#primaryimage\",\"url\":\"https:\\\/\\\/www.british-int-school.org.uk\\\/wp-content\\\/uploads\\\/2022\\\/04\\\/bis-alumni.jpg\",\"contentUrl\":\"https:\\\/\\\/www.british-int-school.org.uk\\\/wp-content\\\/uploads\\\/2022\\\/04\\\/bis-alumni.jpg\",\"width\":1920,\"height\":700,\"caption\":\"BIS - bis-alumni\"},{\"@type\":\"BreadcrumbList\",\"@id\":\"https:\\\/\\\/www.british-int-school.org.uk\\\/sr\\\/alumni\\\/#breadcrumb\",\"itemListElement\":[{\"@type\":\"ListItem\",\"position\":1,\"name\":\"Home\",\"item\":\"https:\\\/\\\/www.british-int-school.org.uk\\\/sr\\\/\"},{\"@type\":\"ListItem\",\"position\":2,\"name\":\"Alumni\"}]},{\"@type\":\"WebSite\",\"@id\":\"https:\\\/\\\/www.british-int-school.org.uk\\\/#website\",\"url\":\"https:\\\/\\\/www.british-int-school.org.uk\\\/\",\"name\":\"糖心原创\",\"description\":\"\",\"publisher\":{\"@id\":\"https:\\\/\\\/www.british-int-school.org.uk\\\/#organization\"},\"potentialAction\":[{\"@type\":\"SearchAction\",\"target\":{\"@type\":\"EntryPoint\",\"urlTemplate\":\"https:\\\/\\\/www.british-int-school.org.uk\\\/?s={search_term_string}\"},\"query-input\":{\"@type\":\"PropertyValueSpecification\",\"valueRequired\":true,\"valueName\":\"search_term_string\"}}],\"inLanguage\":\"sr-RS\"},{\"@type\":\"Organization\",\"@id\":\"https:\\\/\\\/www.british-int-school.org.uk\\\/#organization\",\"name\":\"糖心原创\",\"url\":\"https:\\\/\\\/www.british-int-school.org.uk\\\/\",\"logo\":{\"@type\":\"ImageObject\",\"inLanguage\":\"sr-RS\",\"@id\":\"https:\\\/\\\/www.british-int-school.org.uk\\\/#\\\/schema\\\/logo\\\/image\\\/\",\"url\":\"https:\\\/\\\/www.british-int-school.org.uk\\\/wp-content\\\/uploads\\\/2017\\\/09\\\/Logo-BIS-150.jpg\",\"contentUrl\":\"https:\\\/\\\/www.british-int-school.org.uk\\\/wp-content\\\/uploads\\\/2017\\\/09\\\/Logo-BIS-150.jpg\",\"width\":150,\"height\":150,\"caption\":\"糖心原创\"},\"image\":{\"@id\":\"https:\\\/\\\/www.british-int-school.org.uk\\\/#\\\/schema\\\/logo\\\/image\\\/\"}}]}<\/script>\n<!-- \/ Yoast SEO plugin. -->","yoast_head_json":{"title":"Alumni | 糖心原创","robots":{"index":"index","follow":"follow","max-snippet":"max-snippet:-1","max-image-preview":"max-image-preview:large","max-video-preview":"max-video-preview:-1"},"canonical":"https:\/\/www.british-int-school.org.uk\/sr\/alumni\/","og_locale":"sr_RS","og_type":"article","og_title":"Alumni | 糖心原创","og_description":"Svesrdno podsti\u010demo u\u010denike da planiraju svoju budu\u0107nost na konstruktivan i pozitivan na\u010din, zasnivaju\u0107i svoja razmi\u0161ljanja i odluke na dobroj informisanosti, [&hellip;]","og_url":"https:\/\/www.british-int-school.org.uk\/sr\/alumni\/","og_site_name":"糖心原创","article_modified_time":"2022-11-18T10:48:47+00:00","og_image":[{"width":1920,"height":700,"url":"https:\/\/www.british-int-school.org.uk\/wp-content\/uploads\/2022\/04\/bis-alumni.jpg","type":"image\/jpeg"}],"twitter_card":"summary_large_image","twitter_misc":{"Procenjeno vreme \u010ditanja":"2 minuta"},"schema":{"@context":"https:\/\/schema.org","@graph":[{"@type":"WebPage","@id":"https:\/\/www.british-int-school.org.uk\/sr\/alumni\/","url":"https:\/\/www.british-int-school.org.uk\/sr\/alumni\/","name":"Alumni | 糖心原创","isPartOf":{"@id":"https:\/\/www.british-int-school.org.uk\/#website"},"primaryImageOfPage":{"@id":"https:\/\/www.british-int-school.org.uk\/sr\/alumni\/#primaryimage"},"image":{"@id":"https:\/\/www.british-int-school.org.uk\/sr\/alumni\/#primaryimage"},"thumbnailUrl":"https:\/\/www.british-int-school.org.uk\/wp-content\/uploads\/2022\/04\/bis-alumni.jpg","datePublished":"2022-06-01T11:05:23+00:00","dateModified":"2022-11-18T10:48:47+00:00","breadcrumb":{"@id":"https:\/\/www.british-int-school.org.uk\/sr\/alumni\/#breadcrumb"},"inLanguage":"sr-RS","potentialAction":[{"@type":"ReadAction","target":["https:\/\/www.british-int-school.org.uk\/sr\/alumni\/"]}]},{"@type":"ImageObject","inLanguage":"sr-RS","@id":"https:\/\/www.british-int-school.org.uk\/sr\/alumni\/#primaryimage","url":"https:\/\/www.british-int-school.org.uk\/wp-content\/uploads\/2022\/04\/bis-alumni.jpg","contentUrl":"https:\/\/www.british-int-school.org.uk\/wp-content\/uploads\/2022\/04\/bis-alumni.jpg","width":1920,"height":700,"caption":"BIS - bis-alumni"},{"@type":"BreadcrumbList","@id":"https:\/\/www.british-int-school.org.uk\/sr\/alumni\/#breadcrumb","itemListElement":[{"@type":"ListItem","position":1,"name":"Home","item":"https:\/\/www.british-int-school.org.uk\/sr\/"},{"@type":"ListItem","position":2,"name":"Alumni"}]},{"@type":"WebSite","@id":"https:\/\/www.british-int-school.org.uk\/#website","url":"https:\/\/www.british-int-school.org.uk\/","name":"糖心原创","description":"","publisher":{"@id":"https:\/\/www.british-int-school.org.uk\/#organization"},"potentialAction":[{"@type":"SearchAction","target":{"@type":"EntryPoint","urlTemplate":"https:\/\/www.british-int-school.org.uk\/?s={search_term_string}"},"query-input":{"@type":"PropertyValueSpecification","valueRequired":true,"valueName":"search_term_string"}}],"inLanguage":"sr-RS"},{"@type":"Organization","@id":"https:\/\/www.british-int-school.org.uk\/#organization","name":"糖心原创","url":"https:\/\/www.british-int-school.org.uk\/","logo":{"@type":"ImageObject","inLanguage":"sr-RS","@id":"https:\/\/www.british-int-school.org.uk\/#\/schema\/logo\/image\/","url":"https:\/\/www.british-int-school.org.uk\/wp-content\/uploads\/2017\/09\/Logo-BIS-150.jpg","contentUrl":"https:\/\/www.british-int-school.org.uk\/wp-content\/uploads\/2017\/09\/Logo-BIS-150.jpg","width":150,"height":150,"caption":"糖心原创"},"image":{"@id":"https:\/\/www.british-int-school.org.uk\/#\/schema\/logo\/image\/"}}]}},"_links":{"self":[{"href":"https:\/\/www.british-int-school.org.uk\/sr\/wp-json\/wp\/v2\/pages\/10675","targetHints":{"allow":["GET"]}}],"collection":[{"href":"https:\/\/www.british-int-school.org.uk\/sr\/wp-json\/wp\/v2\/pages"}],"about":[{"href":"https:\/\/www.british-int-school.org.uk\/sr\/wp-json\/wp\/v2\/types\/page"}],"author":[{"embeddable":true,"href":"https:\/\/www.british-int-school.org.uk\/sr\/wp-json\/wp\/v2\/users\/11"}],"replies":[{"embeddable":true,"href":"https:\/\/www.british-int-school.org.uk\/sr\/wp-json\/wp\/v2\/comments?post=10675"}],"version-history":[{"count":0,"href":"https:\/\/www.british-int-school.org.uk\/sr\/wp-json\/wp\/v2\/pages\/10675\/revisions"}],"wp:featuredmedia":[{"embeddable":true,"href":"https:\/\/www.british-int-school.org.uk\/sr\/wp-json\/wp\/v2\/media\/10454"}],"wp:attachment":[{"href":"https:\/\/www.british-int-school.org.uk\/sr\/wp-json\/wp\/v2\/media?parent=10675"}],"curies":[{"name":"wp","href":"https:\/\/api.w.org\/{rel}","templated":true}]}}