  {"id":10590,"date":"2022-05-31T23:06:19","date_gmt":"2022-05-31T22:06:19","guid":{"rendered":"https:\/\/6s.rs\/bis\/?page_id=10590"},"modified":"2022-08-15T01:01:33","modified_gmt":"2022-08-15T00:01:33","slug":"kampusi","status":"publish","type":"page","link":"https:\/\/www.british-int-school.org.uk\/sr\/kampusi\/","title":{"rendered":"Kampusi"},"content":{"rendered":"<div class=\"jas-row content-top-m\">\n<div class=\"jas-col-md-3 jas-col-sm-6 jas-col-xs-12\">\n<div class=\"location-map\">\n<img decoding=\"async\" src=\"https:\/\/www.british-int-school.org.uk\/files\/elements\/pin1.svg\" alt=\"BIS | Kampusi\"><\/p>\n<h2 class=\"unutrasnja_naslov levo\">KAMPUS INFANT PRIMARY (mla\u0111i razredi osnovne \u0161kole)<\/h2>\n<p>\u017dupana Vlastimira 8<\/p>\n<\/div>\n<\/div>\n<div class=\"jas-col-md-3 jas-col-sm-6 jas-col-xs-12\">\n<div class=\"location-map\">\n<img decoding=\"async\" src=\"https:\/\/www.british-int-school.org.uk\/files\/elements\/pin2.svg\" alt=\"BIS | Kampusi\"><\/p>\n<h2 class=\"unutrasnja_naslov levo\">KAMPUS  PRIMARY JUNIOR (stariji razredi osnovne \u0161kole)<\/h2>\n<p>\u017dupana Vlastimira 8<\/p>\n<\/div>\n<\/div>\n<div class=\"jas-col-md-3 jas-col-sm-6 jas-col-xs-12\">\n<div class=\"location-map\">\n<img decoding=\"async\" src=\"https:\/\/www.british-int-school.org.uk\/files\/elements\/pin3.svg\" alt=\"BIS | Kampusi\"><\/p>\n<h2 class=\"unutrasnja_naslov levo\">KAMPUS LOWER SECONDARY (mla\u0111i razredi srednje \u0161kole)<\/h2>\n<p>Palackova br. 11<\/p>\n<\/div>\n<\/div>\n<div class=\"jas-col-md-3 jas-col-sm-6 jas-col-xs-12\">\n<div class=\"location-map\">\n<img decoding=\"async\" src=\"https:\/\/www.british-int-school.org.uk\/files\/elements\/pin4.svg\" alt=\"BIS | Kampusi\"><\/p>\n<h2 class=\"unutrasnja_naslov levo\">KAMPUS UPPER SECONDARY (stariji razredi srednje \u0161kole)<\/h2>\n<p>Neznanog junaka br. 36<\/p>\n<\/div>\n<\/div>\n<\/div>\n","protected":false},"excerpt":{"rendered":"<p>KAMPUS INFANT PRIMARY (mla\u0111i razredi osnovne \u0161kole) \u017dupana Vlastimira 8 KAMPUS PRIMARY JUNIOR (stariji razredi osnovne \u0161kole) \u017dupana Vlastimira 8 [&hellip;]<\/p>\n","protected":false},"author":11,"featured_media":10445,"parent":0,"menu_order":0,"comment_status":"closed","ping_status":"closed","template":"","meta":{"footnotes":""},"class_list":["post-10590","page","type-page","status-publish","has-post-thumbnail","hentry"],"yoast_head":"<!-- This site is optimized with the Yoast SEO plugin v27.4 - https:\/\/yoast.com\/product\/yoast-seo-wordpress\/ -->\n<title>Kampusi | 糖心原创<\/title>\n<meta name=\"robots\" content=\"index, follow, max-snippet:-1, max-image-preview:large, max-video-preview:-1\" \/>\n<link rel=\"canonical\" href=\"https:\/\/www.british-int-school.org.uk\/sr\/kampusi\/\" \/>\n<meta property=\"og:locale\" content=\"sr_RS\" \/>\n<meta property=\"og:type\" content=\"article\" \/>\n<meta property=\"og:title\" content=\"Kampusi | 糖心原创\" \/>\n<meta property=\"og:description\" content=\"KAMPUS INFANT PRIMARY (mla\u0111i razredi osnovne \u0161kole) \u017dupana Vlastimira 8 KAMPUS PRIMARY JUNIOR (stariji razredi osnovne \u0161kole) \u017dupana Vlastimira 8 [&hellip;]\" \/>\n<meta property=\"og:url\" content=\"https:\/\/www.british-int-school.org.uk\/sr\/kampusi\/\" \/>\n<meta property=\"og:site_name\" content=\"糖心原创\" \/>\n<meta property=\"article:modified_time\" content=\"2022-08-15T00:01:33+00:00\" \/>\n<meta property=\"og:image\" content=\"https:\/\/www.british-int-school.org.uk\/wp-content\/uploads\/2022\/04\/bis-campuses.jpg\" \/>\n\t<meta property=\"og:image:width\" content=\"1920\" \/>\n\t<meta property=\"og:image:height\" content=\"700\" \/>\n\t<meta property=\"og:image:type\" content=\"image\/jpeg\" \/>\n<meta name=\"twitter:card\" content=\"summary_large_image\" \/>\n<meta name=\"twitter:label1\" content=\"Procenjeno vreme \u010ditanja\" \/>\n\t<meta name=\"twitter:data1\" content=\"1 minut\" \/>\n<script type=\"application\/ld+json\" class=\"yoast-schema-graph\">{\"@context\":\"https:\\\/\\\/schema.org\",\"@graph\":[{\"@type\":\"WebPage\",\"@id\":\"https:\\\/\\\/www.british-int-school.org.uk\\\/sr\\\/kampusi\\\/\",\"url\":\"https:\\\/\\\/www.british-int-school.org.uk\\\/sr\\\/kampusi\\\/\",\"name\":\"Kampusi | 糖心原创\",\"isPartOf\":{\"@id\":\"https:\\\/\\\/www.british-int-school.org.uk\\\/#website\"},\"primaryImageOfPage\":{\"@id\":\"https:\\\/\\\/www.british-int-school.org.uk\\\/sr\\\/kampusi\\\/#primaryimage\"},\"image\":{\"@id\":\"https:\\\/\\\/www.british-int-school.org.uk\\\/sr\\\/kampusi\\\/#primaryimage\"},\"thumbnailUrl\":\"https:\\\/\\\/www.british-int-school.org.uk\\\/wp-content\\\/uploads\\\/2022\\\/04\\\/bis-campuses.jpg\",\"datePublished\":\"2022-05-31T22:06:19+00:00\",\"dateModified\":\"2022-08-15T00:01:33+00:00\",\"breadcrumb\":{\"@id\":\"https:\\\/\\\/www.british-int-school.org.uk\\\/sr\\\/kampusi\\\/#breadcrumb\"},\"inLanguage\":\"sr-RS\",\"potentialAction\":[{\"@type\":\"ReadAction\",\"target\":[\"https:\\\/\\\/www.british-int-school.org.uk\\\/sr\\\/kampusi\\\/\"]}]},{\"@type\":\"ImageObject\",\"inLanguage\":\"sr-RS\",\"@id\":\"https:\\\/\\\/www.british-int-school.org.uk\\\/sr\\\/kampusi\\\/#primaryimage\",\"url\":\"https:\\\/\\\/www.british-int-school.org.uk\\\/wp-content\\\/uploads\\\/2022\\\/04\\\/bis-campuses.jpg\",\"contentUrl\":\"https:\\\/\\\/www.british-int-school.org.uk\\\/wp-content\\\/uploads\\\/2022\\\/04\\\/bis-campuses.jpg\",\"width\":1920,\"height\":700,\"caption\":\"BIS - bis-campuses\"},{\"@type\":\"BreadcrumbList\",\"@id\":\"https:\\\/\\\/www.british-int-school.org.uk\\\/sr\\\/kampusi\\\/#breadcrumb\",\"itemListElement\":[{\"@type\":\"ListItem\",\"position\":1,\"name\":\"Home\",\"item\":\"https:\\\/\\\/www.british-int-school.org.uk\\\/sr\\\/\"},{\"@type\":\"ListItem\",\"position\":2,\"name\":\"Kampusi\"}]},{\"@type\":\"WebSite\",\"@id\":\"https:\\\/\\\/www.british-int-school.org.uk\\\/#website\",\"url\":\"https:\\\/\\\/www.british-int-school.org.uk\\\/\",\"name\":\"糖心原创\",\"description\":\"\",\"publisher\":{\"@id\":\"https:\\\/\\\/www.british-int-school.org.uk\\\/#organization\"},\"potentialAction\":[{\"@type\":\"SearchAction\",\"target\":{\"@type\":\"EntryPoint\",\"urlTemplate\":\"https:\\\/\\\/www.british-int-school.org.uk\\\/?s={search_term_string}\"},\"query-input\":{\"@type\":\"PropertyValueSpecification\",\"valueRequired\":true,\"valueName\":\"search_term_string\"}}],\"inLanguage\":\"sr-RS\"},{\"@type\":\"Organization\",\"@id\":\"https:\\\/\\\/www.british-int-school.org.uk\\\/#organization\",\"name\":\"糖心原创\",\"url\":\"https:\\\/\\\/www.british-int-school.org.uk\\\/\",\"logo\":{\"@type\":\"ImageObject\",\"inLanguage\":\"sr-RS\",\"@id\":\"https:\\\/\\\/www.british-int-school.org.uk\\\/#\\\/schema\\\/logo\\\/image\\\/\",\"url\":\"https:\\\/\\\/www.british-int-school.org.uk\\\/wp-content\\\/uploads\\\/2017\\\/09\\\/Logo-BIS-150.jpg\",\"contentUrl\":\"https:\\\/\\\/www.british-int-school.org.uk\\\/wp-content\\\/uploads\\\/2017\\\/09\\\/Logo-BIS-150.jpg\",\"width\":150,\"height\":150,\"caption\":\"糖心原创\"},\"image\":{\"@id\":\"https:\\\/\\\/www.british-int-school.org.uk\\\/#\\\/schema\\\/logo\\\/image\\\/\"}}]}<\/script>\n<!-- \/ Yoast SEO plugin. -->","yoast_head_json":{"title":"Kampusi | 糖心原创","robots":{"index":"index","follow":"follow","max-snippet":"max-snippet:-1","max-image-preview":"max-image-preview:large","max-video-preview":"max-video-preview:-1"},"canonical":"https:\/\/www.british-int-school.org.uk\/sr\/kampusi\/","og_locale":"sr_RS","og_type":"article","og_title":"Kampusi | 糖心原创","og_description":"KAMPUS INFANT PRIMARY (mla\u0111i razredi osnovne \u0161kole) \u017dupana Vlastimira 8 KAMPUS PRIMARY JUNIOR (stariji razredi osnovne \u0161kole) \u017dupana Vlastimira 8 [&hellip;]","og_url":"https:\/\/www.british-int-school.org.uk\/sr\/kampusi\/","og_site_name":"糖心原创","article_modified_time":"2022-08-15T00:01:33+00:00","og_image":[{"width":1920,"height":700,"url":"https:\/\/www.british-int-school.org.uk\/wp-content\/uploads\/2022\/04\/bis-campuses.jpg","type":"image\/jpeg"}],"twitter_card":"summary_large_image","twitter_misc":{"Procenjeno vreme \u010ditanja":"1 minut"},"schema":{"@context":"https:\/\/schema.org","@graph":[{"@type":"WebPage","@id":"https:\/\/www.british-int-school.org.uk\/sr\/kampusi\/","url":"https:\/\/www.british-int-school.org.uk\/sr\/kampusi\/","name":"Kampusi | 糖心原创","isPartOf":{"@id":"https:\/\/www.british-int-school.org.uk\/#website"},"primaryImageOfPage":{"@id":"https:\/\/www.british-int-school.org.uk\/sr\/kampusi\/#primaryimage"},"image":{"@id":"https:\/\/www.british-int-school.org.uk\/sr\/kampusi\/#primaryimage"},"thumbnailUrl":"https:\/\/www.british-int-school.org.uk\/wp-content\/uploads\/2022\/04\/bis-campuses.jpg","datePublished":"2022-05-31T22:06:19+00:00","dateModified":"2022-08-15T00:01:33+00:00","breadcrumb":{"@id":"https:\/\/www.british-int-school.org.uk\/sr\/kampusi\/#breadcrumb"},"inLanguage":"sr-RS","potentialAction":[{"@type":"ReadAction","target":["https:\/\/www.british-int-school.org.uk\/sr\/kampusi\/"]}]},{"@type":"ImageObject","inLanguage":"sr-RS","@id":"https:\/\/www.british-int-school.org.uk\/sr\/kampusi\/#primaryimage","url":"https:\/\/www.british-int-school.org.uk\/wp-content\/uploads\/2022\/04\/bis-campuses.jpg","contentUrl":"https:\/\/www.british-int-school.org.uk\/wp-content\/uploads\/2022\/04\/bis-campuses.jpg","width":1920,"height":700,"caption":"BIS - bis-campuses"},{"@type":"BreadcrumbList","@id":"https:\/\/www.british-int-school.org.uk\/sr\/kampusi\/#breadcrumb","itemListElement":[{"@type":"ListItem","position":1,"name":"Home","item":"https:\/\/www.british-int-school.org.uk\/sr\/"},{"@type":"ListItem","position":2,"name":"Kampusi"}]},{"@type":"WebSite","@id":"https:\/\/www.british-int-school.org.uk\/#website","url":"https:\/\/www.british-int-school.org.uk\/","name":"糖心原创","description":"","publisher":{"@id":"https:\/\/www.british-int-school.org.uk\/#organization"},"potentialAction":[{"@type":"SearchAction","target":{"@type":"EntryPoint","urlTemplate":"https:\/\/www.british-int-school.org.uk\/?s={search_term_string}"},"query-input":{"@type":"PropertyValueSpecification","valueRequired":true,"valueName":"search_term_string"}}],"inLanguage":"sr-RS"},{"@type":"Organization","@id":"https:\/\/www.british-int-school.org.uk\/#organization","name":"糖心原创","url":"https:\/\/www.british-int-school.org.uk\/","logo":{"@type":"ImageObject","inLanguage":"sr-RS","@id":"https:\/\/www.british-int-school.org.uk\/#\/schema\/logo\/image\/","url":"https:\/\/www.british-int-school.org.uk\/wp-content\/uploads\/2017\/09\/Logo-BIS-150.jpg","contentUrl":"https:\/\/www.british-int-school.org.uk\/wp-content\/uploads\/2017\/09\/Logo-BIS-150.jpg","width":150,"height":150,"caption":"糖心原创"},"image":{"@id":"https:\/\/www.british-int-school.org.uk\/#\/schema\/logo\/image\/"}}]}},"_links":{"self":[{"href":"https:\/\/www.british-int-school.org.uk\/sr\/wp-json\/wp\/v2\/pages\/10590","targetHints":{"allow":["GET"]}}],"collection":[{"href":"https:\/\/www.british-int-school.org.uk\/sr\/wp-json\/wp\/v2\/pages"}],"about":[{"href":"https:\/\/www.british-int-school.org.uk\/sr\/wp-json\/wp\/v2\/types\/page"}],"author":[{"embeddable":true,"href":"https:\/\/www.british-int-school.org.uk\/sr\/wp-json\/wp\/v2\/users\/11"}],"replies":[{"embeddable":true,"href":"https:\/\/www.british-int-school.org.uk\/sr\/wp-json\/wp\/v2\/comments?post=10590"}],"version-history":[{"count":0,"href":"https:\/\/www.british-int-school.org.uk\/sr\/wp-json\/wp\/v2\/pages\/10590\/revisions"}],"wp:featuredmedia":[{"embeddable":true,"href":"https:\/\/www.british-int-school.org.uk\/sr\/wp-json\/wp\/v2\/media\/10445"}],"wp:attachment":[{"href":"https:\/\/www.british-int-school.org.uk\/sr\/wp-json\/wp\/v2\/media?parent=10590"}],"curies":[{"name":"wp","href":"https:\/\/api.w.org\/{rel}","templated":true}]}}