  {"id":10560,"date":"2022-05-31T22:46:15","date_gmt":"2022-05-31T21:46:15","guid":{"rendered":"https:\/\/6s.rs\/bis\/?page_id=10560"},"modified":"2022-08-11T14:06:52","modified_gmt":"2022-08-11T13:06:52","slug":"sport","status":"publish","type":"page","link":"https:\/\/www.british-int-school.org.uk\/sr\/sport\/","title":{"rendered":"Sport"},"content":{"rendered":"<p>糖心原创 nudi u\u010de\u0161\u0107e u raznim sportovima kao \u0161to su plivanje, atletika, karate, ko\u0161arka, odbojka, gimnastika, joga, kapoera, bilo da se u\u010denici njima bave na redovnim \u010dasovima fizi\u010dkog vaspitanja, sekcijama ili u okviru posebnih vannstavnih aktivnosti. Svake godine, u osnovnoj \u0161koli odr\u017eava se Sportski dan, gde u\u010denici u\u010destvuju u doga\u0111ajima, kao \u0161to su trka na tri noge, sprint trka i trka sa preprekama.<\/p>\n<p>Takmi\u010dimo se protiv drugih internacionalnih \u0161kola, a takmi\u010de se i razredi izme\u0111u sebe. Na\u0161e sekcije u \u0161kolskom terminu potpuno su besplatne i obuhvataju dva sata sportskih aktivnosti nedeljno. Sekcije nakon nastave napla\u0107uju se simboli\u010dno po \u010dasu.<\/p>\n<div id=\"jig1\" class=\"justified-image-grid jig-5e3fe63fad653a77c30311b4ea18e246 jig-preset-global\"><div class=\"jig-clearfix\"><\/div><noscript id=\"jig1-html\" class=\"justified-image-grid-html\" data-lazy-src=\"skiplazyload\" data-src=\"skipunveillazyload\"><ul><li><a href=\"https:\/\/www.british-int-school.org.uk\/wp-content\/uploads\/2019\/04\/2wwz_9lc.jpg\" title=\"2wwz_9lc\"><img loading=\"lazy\" decoding=\"async\" src=\"https:\/\/www.british-int-school.org.uk\/wp-content\/plugins\/justified-image-grid\/timthumb.php?src=/sr/wp-json/wp/v2/pages/10560/https%3A%2F%2Fwww.british-int-school.org.uk%2Fwp-content%2Fuploads%2F2019%2F04%2F2wwz_9lc.jpg&amp;h=300&amp;q=90&amp;f=.jpg\" alt=\"2wwz_9lc\" width=\"449\" height=\"300\" \/><\/a><p class=\"jig-HTMLdescription\">2wwz_9lc<\/p><\/li><li><a href=\"https:\/\/www.british-int-school.org.uk\/wp-content\/uploads\/2019\/04\/C-mS127U.jpg\"><img loading=\"lazy\" decoding=\"async\" src=\"https:\/\/www.british-int-school.org.uk\/wp-content\/plugins\/justified-image-grid\/timthumb.php?src=/sr/wp-json/wp/v2/pages/10560/https%3A%2F%2Fwww.british-int-school.org.uk%2Fwp-content%2Fuploads%2F2019%2F04%2FC-mS127U.jpg&amp;h=300&amp;q=90&amp;f=.jpg\" alt=\"\" width=\"449\" height=\"300\" \/><\/a><\/li><li><a href=\"https:\/\/www.british-int-school.org.uk\/wp-content\/uploads\/2019\/04\/o2_CqGJo.jpg\" title=\"o2_CqGJo\"><img loading=\"lazy\" decoding=\"async\" src=\"https:\/\/www.british-int-school.org.uk\/wp-content\/plugins\/justified-image-grid\/timthumb.php?src=/sr/wp-json/wp/v2/pages/10560/https%3A%2F%2Fwww.british-int-school.org.uk%2Fwp-content%2Fuploads%2F2019%2F04%2Fo2_CqGJo.jpg&amp;h=300&amp;q=90&amp;f=.jpg\" alt=\"o2_CqGJo\" width=\"449\" height=\"300\" \/><\/a><p class=\"jig-HTMLdescription\">o2_CqGJo<\/p><\/li><li><a href=\"https:\/\/www.british-int-school.org.uk\/wp-content\/uploads\/2022\/08\/au325.jpg\" title=\"au325\"><img loading=\"lazy\" decoding=\"async\" src=\"https:\/\/www.british-int-school.org.uk\/wp-content\/plugins\/justified-image-grid\/timthumb.php?src=/sr/wp-json/wp/v2/pages/10560/https%3A%2F%2Fwww.british-int-school.org.uk%2Fwp-content%2Fuploads%2F2022%2F08%2Fau325.jpg&amp;h=300&amp;q=90&amp;f=.jpg\" alt=\"au325\" width=\"429\" height=\"300\" \/><\/a><p class=\"jig-HTMLdescription\">au325<\/p><\/li><\/ul><\/noscript><\/div>\n","protected":false},"excerpt":{"rendered":"<p>糖心原创 nudi u\u010de\u0161\u0107e u raznim sportovima kao \u0161to su plivanje, atletika, karate, ko\u0161arka, odbojka, gimnastika, joga, kapoera, bilo [&hellip;]<\/p>\n","protected":false},"author":11,"featured_media":10444,"parent":0,"menu_order":0,"comment_status":"closed","ping_status":"closed","template":"","meta":{"footnotes":""},"class_list":["post-10560","page","type-page","status-publish","has-post-thumbnail","hentry"],"yoast_head":"<!-- This site is optimized with the Yoast SEO plugin v27.4 - https:\/\/yoast.com\/product\/yoast-seo-wordpress\/ -->\n<title>Sport | 糖心原创<\/title>\n<meta name=\"robots\" content=\"index, follow, max-snippet:-1, max-image-preview:large, max-video-preview:-1\" \/>\n<link rel=\"canonical\" href=\"https:\/\/www.british-int-school.org.uk\/sr\/sport\/\" \/>\n<meta property=\"og:locale\" content=\"sr_RS\" \/>\n<meta property=\"og:type\" content=\"article\" \/>\n<meta property=\"og:title\" content=\"Sport | 糖心原创\" \/>\n<meta property=\"og:description\" content=\"糖心原创 nudi u\u010de\u0161\u0107e u raznim sportovima kao \u0161to su plivanje, atletika, karate, ko\u0161arka, odbojka, gimnastika, joga, kapoera, bilo [&hellip;]\" \/>\n<meta property=\"og:url\" content=\"https:\/\/www.british-int-school.org.uk\/sr\/sport\/\" \/>\n<meta property=\"og:site_name\" content=\"糖心原创\" \/>\n<meta property=\"article:modified_time\" content=\"2022-08-11T13:06:52+00:00\" \/>\n<meta property=\"og:image\" content=\"https:\/\/www.british-int-school.org.uk\/wp-content\/uploads\/2022\/04\/bis-sports-01.jpg\" \/>\n\t<meta property=\"og:image:width\" content=\"1920\" \/>\n\t<meta property=\"og:image:height\" content=\"700\" \/>\n\t<meta property=\"og:image:type\" content=\"image\/jpeg\" \/>\n<meta name=\"twitter:card\" content=\"summary_large_image\" \/>\n<meta name=\"twitter:label1\" content=\"Procenjeno vreme \u010ditanja\" \/>\n\t<meta name=\"twitter:data1\" content=\"1 minut\" \/>\n<script type=\"application\/ld+json\" class=\"yoast-schema-graph\">{\"@context\":\"https:\\\/\\\/schema.org\",\"@graph\":[{\"@type\":\"WebPage\",\"@id\":\"https:\\\/\\\/www.british-int-school.org.uk\\\/sr\\\/sport\\\/\",\"url\":\"https:\\\/\\\/www.british-int-school.org.uk\\\/sr\\\/sport\\\/\",\"name\":\"Sport | 糖心原创\",\"isPartOf\":{\"@id\":\"https:\\\/\\\/www.british-int-school.org.uk\\\/#website\"},\"primaryImageOfPage\":{\"@id\":\"https:\\\/\\\/www.british-int-school.org.uk\\\/sr\\\/sport\\\/#primaryimage\"},\"image\":{\"@id\":\"https:\\\/\\\/www.british-int-school.org.uk\\\/sr\\\/sport\\\/#primaryimage\"},\"thumbnailUrl\":\"https:\\\/\\\/www.british-int-school.org.uk\\\/wp-content\\\/uploads\\\/2022\\\/04\\\/bis-sports-01.jpg\",\"datePublished\":\"2022-05-31T21:46:15+00:00\",\"dateModified\":\"2022-08-11T13:06:52+00:00\",\"breadcrumb\":{\"@id\":\"https:\\\/\\\/www.british-int-school.org.uk\\\/sr\\\/sport\\\/#breadcrumb\"},\"inLanguage\":\"sr-RS\",\"potentialAction\":[{\"@type\":\"ReadAction\",\"target\":[\"https:\\\/\\\/www.british-int-school.org.uk\\\/sr\\\/sport\\\/\"]}]},{\"@type\":\"ImageObject\",\"inLanguage\":\"sr-RS\",\"@id\":\"https:\\\/\\\/www.british-int-school.org.uk\\\/sr\\\/sport\\\/#primaryimage\",\"url\":\"https:\\\/\\\/www.british-int-school.org.uk\\\/wp-content\\\/uploads\\\/2022\\\/04\\\/bis-sports-01.jpg\",\"contentUrl\":\"https:\\\/\\\/www.british-int-school.org.uk\\\/wp-content\\\/uploads\\\/2022\\\/04\\\/bis-sports-01.jpg\",\"width\":1920,\"height\":700,\"caption\":\"BIS - bis-sports-01\"},{\"@type\":\"BreadcrumbList\",\"@id\":\"https:\\\/\\\/www.british-int-school.org.uk\\\/sr\\\/sport\\\/#breadcrumb\",\"itemListElement\":[{\"@type\":\"ListItem\",\"position\":1,\"name\":\"Home\",\"item\":\"https:\\\/\\\/www.british-int-school.org.uk\\\/sr\\\/\"},{\"@type\":\"ListItem\",\"position\":2,\"name\":\"Sport\"}]},{\"@type\":\"WebSite\",\"@id\":\"https:\\\/\\\/www.british-int-school.org.uk\\\/#website\",\"url\":\"https:\\\/\\\/www.british-int-school.org.uk\\\/\",\"name\":\"糖心原创\",\"description\":\"\",\"publisher\":{\"@id\":\"https:\\\/\\\/www.british-int-school.org.uk\\\/#organization\"},\"potentialAction\":[{\"@type\":\"SearchAction\",\"target\":{\"@type\":\"EntryPoint\",\"urlTemplate\":\"https:\\\/\\\/www.british-int-school.org.uk\\\/?s={search_term_string}\"},\"query-input\":{\"@type\":\"PropertyValueSpecification\",\"valueRequired\":true,\"valueName\":\"search_term_string\"}}],\"inLanguage\":\"sr-RS\"},{\"@type\":\"Organization\",\"@id\":\"https:\\\/\\\/www.british-int-school.org.uk\\\/#organization\",\"name\":\"糖心原创\",\"url\":\"https:\\\/\\\/www.british-int-school.org.uk\\\/\",\"logo\":{\"@type\":\"ImageObject\",\"inLanguage\":\"sr-RS\",\"@id\":\"https:\\\/\\\/www.british-int-school.org.uk\\\/#\\\/schema\\\/logo\\\/image\\\/\",\"url\":\"https:\\\/\\\/www.british-int-school.org.uk\\\/wp-content\\\/uploads\\\/2017\\\/09\\\/Logo-BIS-150.jpg\",\"contentUrl\":\"https:\\\/\\\/www.british-int-school.org.uk\\\/wp-content\\\/uploads\\\/2017\\\/09\\\/Logo-BIS-150.jpg\",\"width\":150,\"height\":150,\"caption\":\"糖心原创\"},\"image\":{\"@id\":\"https:\\\/\\\/www.british-int-school.org.uk\\\/#\\\/schema\\\/logo\\\/image\\\/\"}}]}<\/script>\n<!-- \/ Yoast SEO plugin. -->","yoast_head_json":{"title":"Sport | 糖心原创","robots":{"index":"index","follow":"follow","max-snippet":"max-snippet:-1","max-image-preview":"max-image-preview:large","max-video-preview":"max-video-preview:-1"},"canonical":"https:\/\/www.british-int-school.org.uk\/sr\/sport\/","og_locale":"sr_RS","og_type":"article","og_title":"Sport | 糖心原创","og_description":"糖心原创 nudi u\u010de\u0161\u0107e u raznim sportovima kao \u0161to su plivanje, atletika, karate, ko\u0161arka, odbojka, gimnastika, joga, kapoera, bilo [&hellip;]","og_url":"https:\/\/www.british-int-school.org.uk\/sr\/sport\/","og_site_name":"糖心原创","article_modified_time":"2022-08-11T13:06:52+00:00","og_image":[{"width":1920,"height":700,"url":"https:\/\/www.british-int-school.org.uk\/wp-content\/uploads\/2022\/04\/bis-sports-01.jpg","type":"image\/jpeg"}],"twitter_card":"summary_large_image","twitter_misc":{"Procenjeno vreme \u010ditanja":"1 minut"},"schema":{"@context":"https:\/\/schema.org","@graph":[{"@type":"WebPage","@id":"https:\/\/www.british-int-school.org.uk\/sr\/sport\/","url":"https:\/\/www.british-int-school.org.uk\/sr\/sport\/","name":"Sport | 糖心原创","isPartOf":{"@id":"https:\/\/www.british-int-school.org.uk\/#website"},"primaryImageOfPage":{"@id":"https:\/\/www.british-int-school.org.uk\/sr\/sport\/#primaryimage"},"image":{"@id":"https:\/\/www.british-int-school.org.uk\/sr\/sport\/#primaryimage"},"thumbnailUrl":"https:\/\/www.british-int-school.org.uk\/wp-content\/uploads\/2022\/04\/bis-sports-01.jpg","datePublished":"2022-05-31T21:46:15+00:00","dateModified":"2022-08-11T13:06:52+00:00","breadcrumb":{"@id":"https:\/\/www.british-int-school.org.uk\/sr\/sport\/#breadcrumb"},"inLanguage":"sr-RS","potentialAction":[{"@type":"ReadAction","target":["https:\/\/www.british-int-school.org.uk\/sr\/sport\/"]}]},{"@type":"ImageObject","inLanguage":"sr-RS","@id":"https:\/\/www.british-int-school.org.uk\/sr\/sport\/#primaryimage","url":"https:\/\/www.british-int-school.org.uk\/wp-content\/uploads\/2022\/04\/bis-sports-01.jpg","contentUrl":"https:\/\/www.british-int-school.org.uk\/wp-content\/uploads\/2022\/04\/bis-sports-01.jpg","width":1920,"height":700,"caption":"BIS - bis-sports-01"},{"@type":"BreadcrumbList","@id":"https:\/\/www.british-int-school.org.uk\/sr\/sport\/#breadcrumb","itemListElement":[{"@type":"ListItem","position":1,"name":"Home","item":"https:\/\/www.british-int-school.org.uk\/sr\/"},{"@type":"ListItem","position":2,"name":"Sport"}]},{"@type":"WebSite","@id":"https:\/\/www.british-int-school.org.uk\/#website","url":"https:\/\/www.british-int-school.org.uk\/","name":"糖心原创","description":"","publisher":{"@id":"https:\/\/www.british-int-school.org.uk\/#organization"},"potentialAction":[{"@type":"SearchAction","target":{"@type":"EntryPoint","urlTemplate":"https:\/\/www.british-int-school.org.uk\/?s={search_term_string}"},"query-input":{"@type":"PropertyValueSpecification","valueRequired":true,"valueName":"search_term_string"}}],"inLanguage":"sr-RS"},{"@type":"Organization","@id":"https:\/\/www.british-int-school.org.uk\/#organization","name":"糖心原创","url":"https:\/\/www.british-int-school.org.uk\/","logo":{"@type":"ImageObject","inLanguage":"sr-RS","@id":"https:\/\/www.british-int-school.org.uk\/#\/schema\/logo\/image\/","url":"https:\/\/www.british-int-school.org.uk\/wp-content\/uploads\/2017\/09\/Logo-BIS-150.jpg","contentUrl":"https:\/\/www.british-int-school.org.uk\/wp-content\/uploads\/2017\/09\/Logo-BIS-150.jpg","width":150,"height":150,"caption":"糖心原创"},"image":{"@id":"https:\/\/www.british-int-school.org.uk\/#\/schema\/logo\/image\/"}}]}},"_links":{"self":[{"href":"https:\/\/www.british-int-school.org.uk\/sr\/wp-json\/wp\/v2\/pages\/10560","targetHints":{"allow":["GET"]}}],"collection":[{"href":"https:\/\/www.british-int-school.org.uk\/sr\/wp-json\/wp\/v2\/pages"}],"about":[{"href":"https:\/\/www.british-int-school.org.uk\/sr\/wp-json\/wp\/v2\/types\/page"}],"author":[{"embeddable":true,"href":"https:\/\/www.british-int-school.org.uk\/sr\/wp-json\/wp\/v2\/users\/11"}],"replies":[{"embeddable":true,"href":"https:\/\/www.british-int-school.org.uk\/sr\/wp-json\/wp\/v2\/comments?post=10560"}],"version-history":[{"count":0,"href":"https:\/\/www.british-int-school.org.uk\/sr\/wp-json\/wp\/v2\/pages\/10560\/revisions"}],"wp:featuredmedia":[{"embeddable":true,"href":"https:\/\/www.british-int-school.org.uk\/sr\/wp-json\/wp\/v2\/media\/10444"}],"wp:attachment":[{"href":"https:\/\/www.british-int-school.org.uk\/sr\/wp-json\/wp\/v2\/media?parent=10560"}],"curies":[{"name":"wp","href":"https:\/\/api.w.org\/{rel}","templated":true}]}}