  {"id":10465,"date":"2022-04-28T19:16:46","date_gmt":"2022-04-28T18:16:46","guid":{"rendered":"https:\/\/6s.rs\/bis\/?page_id=10465"},"modified":"2023-10-17T08:17:00","modified_gmt":"2023-10-17T07:17:00","slug":"upis","status":"publish","type":"page","link":"https:\/\/www.british-int-school.org.uk\/sr\/upis\/","title":{"rendered":"Upis"},"content":{"rendered":"<p class=\"fs__18 tc\">Bi\u0107e nam zadovoljstvo da postanete deo na\u0161e \u0161kole.<\/p>\n<p class=\"fs__18 tc\">BIS obrazuje u\u010denike uzrasta od 3 do 18 godina.<\/p>\n<p class=\"tc\"><a class=\"button\" href=\"tel:+381653066097\"><i class=\"fa fa-fw\">\uf095<\/i> POZOVITE NAS 0113066096<\/a> <a class=\"button\" href=\"http:\/\/www.british-int-school.org.uk\/contact\/\"><i class=\"fa fa-fw\">\uf0e0<\/i> KONTAKTIRAJTE NAS<\/a><\/p>\n<h2 class=\"unutrasnja_naslov mt__30\">UPISNA PROCEDURA<\/h2>\n<h2 class=\"unutrasnja_naslov levo\">1. SASTANAK U VEZI SA UPISOM<\/h2>\n<p>Savetujemo zainteresovanim porodicama da zaka\u017eu sastanak sa na\u0161om \u0161kolskom kancelarijom, kako bi dobile sve potrebne informacije o BIS-u. Ukoliko porodice nisu u mogu\u0107nosti da posete \u0161kolu, informacije \u0107e im biti pru\u017eene putem email-a ili telefona.<\/p>\n<p>Sastanak \u0107e se odr\u017eati zakazanog datuma prema dogovoru. Od velike je pomo\u0107i ukoliko se porodica unapred upozna sa sadr\u017eajem \u0161kolskog sajta i \u0161kolskog informatora.<\/p>\n<p>Tokom sastanka, porodica \u0107e biti upoznata sa planom i programom nastave u BIS-u kao i sa pravilima \u0161kole.<\/p>\n<p class=\"highlighted\">Sastanak mo\u017eete zakazati putem email-a <a href=\"mailto:info@bis.edu.rs\">admissions@bis.edu.rs<\/a> ili telefonom na broj <a href=\"tel:+381653066097\">+381 11 3066 096<\/a><\/p>\n<h2 class=\"unutrasnja_naslov levo\">2. POTREBNA DOKUMENTACIJA ZA UPIS<\/h2>\n<ul>\n<li>popunjen formular za aplikaciju (formular se dobija putem email-a kao deo Info paketa)<\/li>\n<li>zvani\u010dna svedo\u010danstva iz predhodnih \u0161kola<\/li>\n<li>forumular reference u\u010denika<\/li>\n<li>kopija kartona vakcinacije<\/li>\n<li>kopija paso\u0161a ili izvoda iz mati\u010dne knjige ro\u0111enih<\/li>\n<\/ul>\n<h2 class=\"unutrasnja_naslov levo\">3. \u0160KOLARINA<\/h2>\n<p>Informacija o \u0161kolarini se \u0161alje roditeljima\/starateljima putem email-a ili se prezentuje tokom sastanka. Za drugo i svako naredno dete iz porodice odobrava se popust od 10%.<\/p>\n<p class=\"nmt\"><strong>\u0160kolarina uklju\u010duje:<\/strong><\/p>\n<ul>\n<li>izvo\u0111enje nastave i vananstavnih aktivnosti<\/li>\n<li>knjige i druge \u0161kolske materijale<\/li>\n<li>tro\u0161kove prijave ispita i izdavanja svedo\u010danstava i sertifikata<\/li>\n<li>jednodnevne nastavne izlete<\/li>\n<\/ul>\n<p class=\"nmt\"><strong>Opcione usluge koje se dodatno pla\u0107aju su:<\/strong><\/p>\n<ul>\n<li>\u0161kolski prevoz<\/li>\n<li>obrok (obezbe\u0111uje ketering kompanija)<\/li>\n<li>aktivnosti nakon \u0161kolskog dana<\/li>\n<li>godi\u0161nja ekskurzija<\/li>\n<\/ul>\n<p>Program \u201cEngleski kao drugi jezik (EAL)\u201d se obezbe\u0111uje BESPLATNO u\u010denicima kojima je neophodno usavr\u0161avanje znanja engleskog jezika.<\/p>\n","protected":false},"excerpt":{"rendered":"<p>Bi\u0107e nam zadovoljstvo da postanete deo na\u0161e \u0161kole. BIS obrazuje u\u010denike uzrasta od 3 do 18 godina. \uf095 POZOVITE NAS [&hellip;]<\/p>\n","protected":false},"author":11,"featured_media":10457,"parent":0,"menu_order":0,"comment_status":"closed","ping_status":"closed","template":"","meta":{"footnotes":""},"class_list":["post-10465","page","type-page","status-publish","has-post-thumbnail","hentry"],"yoast_head":"<!-- This site is optimized with the Yoast SEO plugin v27.4 - https:\/\/yoast.com\/product\/yoast-seo-wordpress\/ -->\n<title>Upis | 糖心原创<\/title>\n<meta name=\"robots\" content=\"index, follow, max-snippet:-1, max-image-preview:large, max-video-preview:-1\" \/>\n<link rel=\"canonical\" href=\"https:\/\/www.british-int-school.org.uk\/sr\/upis\/\" \/>\n<meta property=\"og:locale\" content=\"sr_RS\" \/>\n<meta property=\"og:type\" content=\"article\" \/>\n<meta property=\"og:title\" content=\"Upis | 糖心原创\" \/>\n<meta property=\"og:description\" content=\"Bi\u0107e nam zadovoljstvo da postanete deo na\u0161e \u0161kole. BIS obrazuje u\u010denike uzrasta od 3 do 18 godina. \uf095 POZOVITE NAS [&hellip;]\" \/>\n<meta property=\"og:url\" content=\"https:\/\/www.british-int-school.org.uk\/sr\/upis\/\" \/>\n<meta property=\"og:site_name\" content=\"糖心原创\" \/>\n<meta property=\"article:modified_time\" content=\"2023-10-17T07:17:00+00:00\" \/>\n<meta property=\"og:image\" content=\"https:\/\/www.british-int-school.org.uk\/wp-content\/uploads\/2022\/04\/taking-enrolments.jpg\" \/>\n\t<meta property=\"og:image:width\" content=\"1920\" \/>\n\t<meta property=\"og:image:height\" content=\"700\" \/>\n\t<meta property=\"og:image:type\" content=\"image\/jpeg\" \/>\n<meta name=\"twitter:card\" content=\"summary_large_image\" \/>\n<meta name=\"twitter:label1\" content=\"Procenjeno vreme \u010ditanja\" \/>\n\t<meta name=\"twitter:data1\" content=\"2 minuta\" \/>\n<script type=\"application\/ld+json\" class=\"yoast-schema-graph\">{\"@context\":\"https:\\\/\\\/schema.org\",\"@graph\":[{\"@type\":\"WebPage\",\"@id\":\"https:\\\/\\\/www.british-int-school.org.uk\\\/sr\\\/upis\\\/\",\"url\":\"https:\\\/\\\/www.british-int-school.org.uk\\\/sr\\\/upis\\\/\",\"name\":\"Upis | 糖心原创\",\"isPartOf\":{\"@id\":\"https:\\\/\\\/www.british-int-school.org.uk\\\/#website\"},\"primaryImageOfPage\":{\"@id\":\"https:\\\/\\\/www.british-int-school.org.uk\\\/sr\\\/upis\\\/#primaryimage\"},\"image\":{\"@id\":\"https:\\\/\\\/www.british-int-school.org.uk\\\/sr\\\/upis\\\/#primaryimage\"},\"thumbnailUrl\":\"https:\\\/\\\/www.british-int-school.org.uk\\\/wp-content\\\/uploads\\\/2022\\\/04\\\/taking-enrolments.jpg\",\"datePublished\":\"2022-04-28T18:16:46+00:00\",\"dateModified\":\"2023-10-17T07:17:00+00:00\",\"breadcrumb\":{\"@id\":\"https:\\\/\\\/www.british-int-school.org.uk\\\/sr\\\/upis\\\/#breadcrumb\"},\"inLanguage\":\"sr-RS\",\"potentialAction\":[{\"@type\":\"ReadAction\",\"target\":[\"https:\\\/\\\/www.british-int-school.org.uk\\\/sr\\\/upis\\\/\"]}]},{\"@type\":\"ImageObject\",\"inLanguage\":\"sr-RS\",\"@id\":\"https:\\\/\\\/www.british-int-school.org.uk\\\/sr\\\/upis\\\/#primaryimage\",\"url\":\"https:\\\/\\\/www.british-int-school.org.uk\\\/wp-content\\\/uploads\\\/2022\\\/04\\\/taking-enrolments.jpg\",\"contentUrl\":\"https:\\\/\\\/www.british-int-school.org.uk\\\/wp-content\\\/uploads\\\/2022\\\/04\\\/taking-enrolments.jpg\",\"width\":1920,\"height\":700,\"caption\":\"BIS - taking-enrolments\"},{\"@type\":\"BreadcrumbList\",\"@id\":\"https:\\\/\\\/www.british-int-school.org.uk\\\/sr\\\/upis\\\/#breadcrumb\",\"itemListElement\":[{\"@type\":\"ListItem\",\"position\":1,\"name\":\"Home\",\"item\":\"https:\\\/\\\/www.british-int-school.org.uk\\\/sr\\\/\"},{\"@type\":\"ListItem\",\"position\":2,\"name\":\"Upis\"}]},{\"@type\":\"WebSite\",\"@id\":\"https:\\\/\\\/www.british-int-school.org.uk\\\/#website\",\"url\":\"https:\\\/\\\/www.british-int-school.org.uk\\\/\",\"name\":\"糖心原创\",\"description\":\"\",\"publisher\":{\"@id\":\"https:\\\/\\\/www.british-int-school.org.uk\\\/#organization\"},\"potentialAction\":[{\"@type\":\"SearchAction\",\"target\":{\"@type\":\"EntryPoint\",\"urlTemplate\":\"https:\\\/\\\/www.british-int-school.org.uk\\\/?s={search_term_string}\"},\"query-input\":{\"@type\":\"PropertyValueSpecification\",\"valueRequired\":true,\"valueName\":\"search_term_string\"}}],\"inLanguage\":\"sr-RS\"},{\"@type\":\"Organization\",\"@id\":\"https:\\\/\\\/www.british-int-school.org.uk\\\/#organization\",\"name\":\"糖心原创\",\"url\":\"https:\\\/\\\/www.british-int-school.org.uk\\\/\",\"logo\":{\"@type\":\"ImageObject\",\"inLanguage\":\"sr-RS\",\"@id\":\"https:\\\/\\\/www.british-int-school.org.uk\\\/#\\\/schema\\\/logo\\\/image\\\/\",\"url\":\"https:\\\/\\\/www.british-int-school.org.uk\\\/wp-content\\\/uploads\\\/2017\\\/09\\\/Logo-BIS-150.jpg\",\"contentUrl\":\"https:\\\/\\\/www.british-int-school.org.uk\\\/wp-content\\\/uploads\\\/2017\\\/09\\\/Logo-BIS-150.jpg\",\"width\":150,\"height\":150,\"caption\":\"糖心原创\"},\"image\":{\"@id\":\"https:\\\/\\\/www.british-int-school.org.uk\\\/#\\\/schema\\\/logo\\\/image\\\/\"}}]}<\/script>\n<!-- \/ Yoast SEO plugin. -->","yoast_head_json":{"title":"Upis | 糖心原创","robots":{"index":"index","follow":"follow","max-snippet":"max-snippet:-1","max-image-preview":"max-image-preview:large","max-video-preview":"max-video-preview:-1"},"canonical":"https:\/\/www.british-int-school.org.uk\/sr\/upis\/","og_locale":"sr_RS","og_type":"article","og_title":"Upis | 糖心原创","og_description":"Bi\u0107e nam zadovoljstvo da postanete deo na\u0161e \u0161kole. BIS obrazuje u\u010denike uzrasta od 3 do 18 godina. \uf095 POZOVITE NAS [&hellip;]","og_url":"https:\/\/www.british-int-school.org.uk\/sr\/upis\/","og_site_name":"糖心原创","article_modified_time":"2023-10-17T07:17:00+00:00","og_image":[{"width":1920,"height":700,"url":"https:\/\/www.british-int-school.org.uk\/wp-content\/uploads\/2022\/04\/taking-enrolments.jpg","type":"image\/jpeg"}],"twitter_card":"summary_large_image","twitter_misc":{"Procenjeno vreme \u010ditanja":"2 minuta"},"schema":{"@context":"https:\/\/schema.org","@graph":[{"@type":"WebPage","@id":"https:\/\/www.british-int-school.org.uk\/sr\/upis\/","url":"https:\/\/www.british-int-school.org.uk\/sr\/upis\/","name":"Upis | 糖心原创","isPartOf":{"@id":"https:\/\/www.british-int-school.org.uk\/#website"},"primaryImageOfPage":{"@id":"https:\/\/www.british-int-school.org.uk\/sr\/upis\/#primaryimage"},"image":{"@id":"https:\/\/www.british-int-school.org.uk\/sr\/upis\/#primaryimage"},"thumbnailUrl":"https:\/\/www.british-int-school.org.uk\/wp-content\/uploads\/2022\/04\/taking-enrolments.jpg","datePublished":"2022-04-28T18:16:46+00:00","dateModified":"2023-10-17T07:17:00+00:00","breadcrumb":{"@id":"https:\/\/www.british-int-school.org.uk\/sr\/upis\/#breadcrumb"},"inLanguage":"sr-RS","potentialAction":[{"@type":"ReadAction","target":["https:\/\/www.british-int-school.org.uk\/sr\/upis\/"]}]},{"@type":"ImageObject","inLanguage":"sr-RS","@id":"https:\/\/www.british-int-school.org.uk\/sr\/upis\/#primaryimage","url":"https:\/\/www.british-int-school.org.uk\/wp-content\/uploads\/2022\/04\/taking-enrolments.jpg","contentUrl":"https:\/\/www.british-int-school.org.uk\/wp-content\/uploads\/2022\/04\/taking-enrolments.jpg","width":1920,"height":700,"caption":"BIS - taking-enrolments"},{"@type":"BreadcrumbList","@id":"https:\/\/www.british-int-school.org.uk\/sr\/upis\/#breadcrumb","itemListElement":[{"@type":"ListItem","position":1,"name":"Home","item":"https:\/\/www.british-int-school.org.uk\/sr\/"},{"@type":"ListItem","position":2,"name":"Upis"}]},{"@type":"WebSite","@id":"https:\/\/www.british-int-school.org.uk\/#website","url":"https:\/\/www.british-int-school.org.uk\/","name":"糖心原创","description":"","publisher":{"@id":"https:\/\/www.british-int-school.org.uk\/#organization"},"potentialAction":[{"@type":"SearchAction","target":{"@type":"EntryPoint","urlTemplate":"https:\/\/www.british-int-school.org.uk\/?s={search_term_string}"},"query-input":{"@type":"PropertyValueSpecification","valueRequired":true,"valueName":"search_term_string"}}],"inLanguage":"sr-RS"},{"@type":"Organization","@id":"https:\/\/www.british-int-school.org.uk\/#organization","name":"糖心原创","url":"https:\/\/www.british-int-school.org.uk\/","logo":{"@type":"ImageObject","inLanguage":"sr-RS","@id":"https:\/\/www.british-int-school.org.uk\/#\/schema\/logo\/image\/","url":"https:\/\/www.british-int-school.org.uk\/wp-content\/uploads\/2017\/09\/Logo-BIS-150.jpg","contentUrl":"https:\/\/www.british-int-school.org.uk\/wp-content\/uploads\/2017\/09\/Logo-BIS-150.jpg","width":150,"height":150,"caption":"糖心原创"},"image":{"@id":"https:\/\/www.british-int-school.org.uk\/#\/schema\/logo\/image\/"}}]}},"_links":{"self":[{"href":"https:\/\/www.british-int-school.org.uk\/sr\/wp-json\/wp\/v2\/pages\/10465","targetHints":{"allow":["GET"]}}],"collection":[{"href":"https:\/\/www.british-int-school.org.uk\/sr\/wp-json\/wp\/v2\/pages"}],"about":[{"href":"https:\/\/www.british-int-school.org.uk\/sr\/wp-json\/wp\/v2\/types\/page"}],"author":[{"embeddable":true,"href":"https:\/\/www.british-int-school.org.uk\/sr\/wp-json\/wp\/v2\/users\/11"}],"replies":[{"embeddable":true,"href":"https:\/\/www.british-int-school.org.uk\/sr\/wp-json\/wp\/v2\/comments?post=10465"}],"version-history":[{"count":0,"href":"https:\/\/www.british-int-school.org.uk\/sr\/wp-json\/wp\/v2\/pages\/10465\/revisions"}],"wp:featuredmedia":[{"embeddable":true,"href":"https:\/\/www.british-int-school.org.uk\/sr\/wp-json\/wp\/v2\/media\/10457"}],"wp:attachment":[{"href":"https:\/\/www.british-int-school.org.uk\/sr\/wp-json\/wp\/v2\/media?parent=10465"}],"curies":[{"name":"wp","href":"https:\/\/api.w.org\/{rel}","templated":true}]}}